{"id":185,"date":"2024-06-28T09:30:42","date_gmt":"2024-06-28T09:30:42","guid":{"rendered":"https:\/\/eurekacloud.es\/?page_id=185"},"modified":"2024-06-28T09:30:43","modified_gmt":"2024-06-28T09:30:43","slug":"condiciones-de-uso-y-privacidad","status":"publish","type":"page","link":"https:\/\/eurekacloud.es\/index.php\/condiciones-de-uso-y-privacidad\/","title":{"rendered":"Condiciones de Uso y Privacidad"},"content":{"rendered":"\n<p><em>\u00daltima actualizaci\u00f3n: 4 de mayo de 2023<\/em><\/p>\n\n\n\n<h4 class=\"wp-block-heading\"><strong>1.- Titular y Responsable<\/strong><\/h4>\n\n\n\n<p>El titular de esta web y responsable del tratamiento de esta web es Taktics ingenier\u00edas de negocio SL (en adelante el \u201cServicio\u201d), con domicilio en C\/ Isaac Newton sn, Edificio Norte bloque B, planta 1\u00aa local 10, Palma de Mallorca, Islas Baleares, Espa\u00f1a.<\/p>\n\n\n\n<p>Correo electr\u00f3nico:&nbsp;<a href=\"mailto:info@taktics.net\" target=\"_blank\" rel=\"noreferrer noopener\">info@taktics.net<\/a>&nbsp;<\/p>\n\n\n\n<p>NIF: B578690667<\/p>\n\n\n\n<p>Taktics ingenier\u00edas de negocio SL est\u00e1 inscrita en el Registro Mercantil de Baleares, Tomo 2579, folio 127, inscripci\u00f3n 2 y con hoja PM-74366.&nbsp;<\/p>\n\n\n\n<p>El uso de la web atribuye la condici\u00f3n de usuario, y con ello aceptas los t\u00e9rminos y condiciones a continuaci\u00f3n indicados: estas Condiciones de Uso y Privacidad y nuestra Pol\u00edtica de Cookies.&nbsp;<\/p>\n\n\n\n<p><strong>1.2.- Aceptaci\u00f3n<\/strong><\/p>\n\n\n\n<p>La aceptaci\u00f3n de las Condiciones de Uso y Privacidad del Servicio, es condici\u00f3n necesaria para el uso de nuestra web.<\/p>\n\n\n\n<p>Estas Condiciones de Uso y Privacidad regulan la recopilaci\u00f3n, tratamiento y uso de tu informaci\u00f3n personal y no personal como usuario del Servicio, a partir de la fecha de entrada en vigor que aparece en el encabezado. Asimismo, se indican las condiciones de uso de la web y sus funciones.<\/p>\n\n\n\n<p>Para tratar tus datos personales, el Servicio cumple con la legislaci\u00f3n vigente, local y europea, as\u00ed como su normativa de desarrollo.<\/p>\n\n\n\n<p><strong>2.- Descripci\u00f3n y Uso del Servicio<\/strong><\/p>\n\n\n\n<p>El Servicio es un software de gesti\u00f3n de empresas para el sector de la construcci\u00f3n. A trav\u00e9s del mismo, la empresa puede llevar un control econ\u00f3mico en tiempo real, tener previsiones de resultados, tener operaciones y documentos actualizados, gestionar el d\u00eda a d\u00eda del sector de la instalaci\u00f3n y mantenimiento, acceso a calendarios compartidos, realizar partes en papel, tener acceso a todos los documentos e informaci\u00f3n en nube, entre otros.<\/p>\n\n\n\n<p>A trav\u00e9s de su web puedes conocer informaci\u00f3n sobre el software, solicitar una demo o prueba gratuita, acceder a la herramienta y contactar con el Servicio, entre otras cosas.<\/p>\n\n\n\n<p><strong>3.- Enlaces externos<\/strong><\/p>\n\n\n\n<p>Puede que la web enlace hacia otros sitios web.<\/p>\n\n\n\n<p>Sin embargo, no ejercemos ning\u00fan tipo de control sobre dichos sitios ni sus contenidos, que en realidad est\u00e1n sujetos a sus propios t\u00e9rminos y condiciones. Tampoco asumimos asociaci\u00f3n o responsabilidad alguna por los mismos, ni garantizamos su disponibilidad t\u00e9cnica, calidad, fiabilidad, exactitud o veracidad.<\/p>\n\n\n\n<p><strong>4.- Propiedad Intelectual e Industrial<\/strong><\/p>\n\n\n\n<p>El contenido y la informaci\u00f3n del Servicio (entre otros, marcas, logotipos, datos, texto, imagen o c\u00f3digo inform\u00e1tico), as\u00ed como los elementos de hardware o software utilizados para proporcionar tal contenido e informaci\u00f3n, son propiedad del Servicio o bien dispone de las autorizaciones correspondientes para su uso.<\/p>\n\n\n\n<p>Por ello y en virtud de lo dispuesto en la normativa nacional y europea sobre propiedad intelectual se proh\u00edbe la modificaci\u00f3n, reproducci\u00f3n, duplicaci\u00f3n, copia, distribuci\u00f3n, venta, reventa y dem\u00e1s formas de explotaci\u00f3n para fines comerciales o equivalentes del Servicio y de su contenido.<\/p>\n\n\n\n<p>Para cualquier otro uso del contenido del Servicio necesitas, con car\u00e1cter previo y por escrito, nuestro consentimiento o, seg\u00fan el caso, de los autores del contenido.<\/p>\n\n\n\n<p><strong>5.- Contenido de Usuario<\/strong><\/p>\n\n\n\n<p>Puedes contribuir al Servicio envi\u00e1ndonos un mensaje a nuestra direcci\u00f3n de correo electr\u00f3nico y a trav\u00e9s de los formularios de contacto disponibles en el sitio web (en adelante \u201cContenido\u201d).<\/p>\n\n\n\n<p>Podemos usar tu Contenido de distintas maneras, tales como: mostrarlo en el sitio web, reformatearlo, traducirlo a otros idiomas, editarlo para aportar claridad, corregir errores, promocionarlo o distribuirlo, de acuerdo a la licencia indicada en el apartado anterior.<\/p>\n\n\n\n<p>Eso significa que el contenido sigue siendo tuyo, pero el Servicio, gracias a esa licencia de uso, puede:&nbsp;<strong>a)<\/strong>&nbsp;usar, reproducir, modificar, adaptar, traducir, distribuir y publicar el Contenido, crear obras derivadas a partir de \u00e9l, mostrarlo y exhibirlo en todo el mundo, por cualquier medio conocido y para cualquier fin leg\u00edtimo; y&nbsp;<strong>b)<\/strong>&nbsp;usar el nombre que env\u00edes en relaci\u00f3n con ese Contenido.<\/p>\n\n\n\n<p>No obstante, el Servicio&nbsp;se reserva el derecho de no publicar aquellos contenidos o informaciones que sean falsas o contrarias a los derechos de terceros.<\/p>\n\n\n\n<p><strong>6.- Edad<\/strong><\/p>\n\n\n\n<p>En cuanto al uso de la web, declaras que eres mayor de edad y que dispones de la capacidad legal necesaria para vincularte por este acuerdo y utilizar el sitio de conformidad con sus t\u00e9rminos y condiciones, que comprendes y reconoces en su totalidad.<\/p>\n\n\n\n<p>Adem\u00e1s, afirmas disponer del consentimiento y\/o autorizaci\u00f3n legal de los terceros cuyos datos y fotograf\u00edas compartas a trav\u00e9s de la web, especialmente en el caso de menores de edad.<\/p>\n\n\n\n<p>Declaras que toda la informaci\u00f3n que proporciones para acceder al Servicio, antes y<\/p>\n\n\n\n<p>durante su utilizaci\u00f3n, es verdadera, completa y precisa.<\/p>\n\n\n\n<p><strong>7.- Protecci\u00f3n de datos<\/strong><\/p>\n\n\n\n<p><strong>7.1.- Informaci\u00f3n recopilada<\/strong><\/p>\n\n\n\n<p>La informaci\u00f3n personal y no personal recogida cambiar\u00e1 en funci\u00f3n del uso que hagas de la p\u00e1gina web y sus caracter\u00edsticas.<\/p>\n\n\n\n<p>La informaci\u00f3n personal y no personal recopilada nos llegar\u00e1 por tres v\u00edas:&nbsp;<strong>1)<\/strong>&nbsp;la recopilada autom\u00e1ticamente,&nbsp;<strong>2)&nbsp;<\/strong>la que nos proporciones voluntariamente y&nbsp;<strong>3)&nbsp;<\/strong>la proporcionada por terceros.<\/p>\n\n\n\n<p><strong>7.1.1.- Datos recogidos autom\u00e1ticamente<\/strong><\/p>\n\n\n\n<p>Esta informaci\u00f3n consistir\u00e1 en:<\/p>\n\n\n\n<ul class=\"wp-block-list\">\n<li>La recopilada mediante cookies o mecanismos similares almacenados en tu dispositivo, siempre con tu consentimiento. Consulta nuestra\u00a0<strong>Pol\u00edtica de Cookies\u00a0<\/strong>para m\u00e1s informaci\u00f3n.<\/li>\n<\/ul>\n\n\n\n<ul class=\"wp-block-list\">\n<li>La IP desde la que se realiza la conexi\u00f3n, el tipo de dispositivo usado y sus caracter\u00edsticas, la versi\u00f3n del sistema operativo, el tipo de navegador, el idioma, la fecha, el pa\u00eds, la hora de la solicitud, la URL de referencia o la red m\u00f3vil empleada, entre otros.<\/li>\n<\/ul>\n\n\n\n<ul class=\"wp-block-list\">\n<li>Datos de uso del sitio y posibles errores detectados durante su utilizaci\u00f3n, como p\u00e1ginas no encontradas o visualizaciones err\u00f3neas.<\/li>\n<\/ul>\n\n\n\n<ul class=\"wp-block-list\">\n<li>Adem\u00e1s, el Servicio utiliza Google Analytics, un servicio anal\u00edtico prestado por Google LLC con domicilio en los Estados Unidos con sede central en 1600 Amphitheatre Parkway, Mountain View, California 94043. Para la prestaci\u00f3n de estos servicios, estos utilizan cookies que recopilan la informaci\u00f3n, incluida la direcci\u00f3n IP del usuario, que ser\u00e1 transmitida, tratada y almacenada por Google en los t\u00e9rminos fijados en la web www.google.com. Incluyendo la posible transmisi\u00f3n de dicha informaci\u00f3n a terceros por razones de exigencia legal o cuando dichos terceros procesen la informaci\u00f3n por cuenta de Google.<\/li>\n<\/ul>\n\n\n\n<p>En cualquier caso, puedes inhabilitar las cookies de Google Analytics desde<a href=\"https:\/\/tools.google.com\/dlpage\/gaoptout\">&nbsp;aqu\u00ed.<\/a><\/p>\n\n\n\n<p><strong>7.1.2.- Datos proporcionados voluntariamente<\/strong><\/p>\n\n\n\n<p>Esta informaci\u00f3n consistir\u00e1 en:<\/p>\n\n\n\n<ul class=\"wp-block-list\">\n<li>La informaci\u00f3n personal o no que pudieran contener los mensajes enviados a trav\u00e9s de los canales de contacto establecidos por el Servicio, por ejemplo tu nombre, correo electr\u00f3nico, tel\u00e9fono y mensaje.<\/li>\n<\/ul>\n\n\n\n<ul class=\"wp-block-list\">\n<li>La informaci\u00f3n, personal o no, que el Servicio requiere para ver una demo, por ejemplo tu nombre, correo electr\u00f3nico y empresa.<\/li>\n<\/ul>\n\n\n\n<ul class=\"wp-block-list\">\n<li>La informaci\u00f3n, personal o no, que el Servicio requiere para acceder a la herramienta, por ejemplo tu email y contrase\u00f1a.\u00a0<\/li>\n\n\n\n<li>La informaci\u00f3n, personal o no, que el Servicio requiere para ofrecer una prueba gratuita de 30 d\u00edas, por ejemplo tu nombre, nombre de tu empresa, n\u00famero de operarios, necesidades, herramientas actuales de gesti\u00f3n, entre otros.<\/li>\n<\/ul>\n\n\n\n<ul class=\"wp-block-list\">\n<li>La informaci\u00f3n, personal o no, que el Servicio requiere para reservar una consultor\u00eda gratuita con uno de sus expertos, por ejemplo nombre y correo electr\u00f3nico.<\/li>\n<\/ul>\n\n\n\n<ul class=\"wp-block-list\">\n<li>La informaci\u00f3n, personal o no, que el Servicio requiere para calcular el beneficio de la inversi\u00f3n, por ejemplo nombre de la empresa, n\u00famero de operarios, precio medio por hora del operario, n\u00famero de obras gestionadas al a\u00f1o, ahorro estimado de horas\/informe, ahorro horas de uso multiplataforma, beneficios, email, entre otros.<\/li>\n<\/ul>\n\n\n\n<ul class=\"wp-block-list\">\n<li>Tu fotograf\u00eda, nombre y apodo si decides participar en alguna de nuestras actividades en redes sociales o completar tu perfil.\u00a0<\/li>\n<\/ul>\n\n\n\n<ul class=\"wp-block-list\">\n<li>La informaci\u00f3n personal requerida para suscribirte al newsletter, como tu nombre y correo electr\u00f3nico.<\/li>\n<\/ul>\n\n\n\n<p><strong>7.1.3.- Los proporcionados por terceros<\/strong><\/p>\n\n\n\n<p>Esta informaci\u00f3n consistir\u00e1 en:<\/p>\n\n\n\n<ul class=\"wp-block-list\">\n<li>La proporcionada por redes sociales o servicios similares.<\/li>\n<\/ul>\n\n\n\n<p><strong>7.2.- Derechos<\/strong><\/p>\n\n\n\n<p>Te informamos que la cumplimentaci\u00f3n de los formularios tiene car\u00e1cter voluntario. Ahora bien, si no rellenas los campos obligatorios (marcados con un requerido o asterisco) el uso de algunas funciones del sitio no ser\u00e1 posible o se ver\u00e1 limitado.<\/p>\n\n\n\n<p>Los datos personales que nos facilites quedar\u00e1n incorporados y ser\u00e1n tratados en los ficheros titularidad del Servicio, con el fin de poder atender tus peticiones.<\/p>\n\n\n\n<p>Puedes ejercer en cualquier momento los derechos de acceso, rectificaci\u00f3n, supresi\u00f3n, limitaci\u00f3n de tu tratamiento, oposici\u00f3n y portabilidad de tus datos de car\u00e1cter personal mediante correo electr\u00f3nico dirigido a:&nbsp;<a href=\"mailto:info@taktics.net\" target=\"_blank\" rel=\"noreferrer noopener\">info@taktics.net<\/a>&nbsp;o a la direcci\u00f3n postal: C\/ Isaac Newton sn, Edificio Norte bloque B, planta 1\u00aa local 10, Palma de Mallorca, Islas Baleares, Espa\u00f1a.<\/p>\n\n\n\n<p>En ambos casos deber\u00e1s identificarte con tu nombre y apellidos, y quiz\u00e1 con una copia de tu DNI o ID nacional, si fuese necesario.<\/p>\n\n\n\n<p>En el caso de que hayas otorgado el consentimiento para alguna finalidad espec\u00edfica, tienes derecho a retirar el consentimiento en cualquier momento, sin que ello afecte a la licitud del tratamiento basado en el consentimiento previo a su retirada.<\/p>\n\n\n\n<p>Adem\u00e1s, si consideras que hay un problema con la forma en la que estamos manejando tus datos, puedes dirigir tus reclamaciones a la&nbsp;<a href=\"https:\/\/www.aepd.es\/reglamento\/derechos\/index.html\">autoridad de protecci\u00f3n de datos<\/a>&nbsp;que corresponda, siendo la&nbsp;<a href=\"https:\/\/www.agpd.es\/\">Agencia Espa\u00f1ola de Protecci\u00f3n de Datos<\/a>&nbsp;la indicada en el caso de Espa\u00f1a.<\/p>\n\n\n\n<p><strong>7.3.- Uso de los Datos<\/strong><\/p>\n\n\n\n<p>El Servicio usar\u00e1 los datos recopilados para:<\/p>\n\n\n\n<ul class=\"wp-block-list\">\n<li>Administrar y actualizar el servicio (siendo la base legal nuestro inter\u00e9s leg\u00edtimo en mantener y conservar el servicio al d\u00eda y en buen estado).<\/li>\n<\/ul>\n\n\n\n<ul class=\"wp-block-list\">\n<li>Atender tus peticiones (siendo la base legal nuestro inter\u00e9s leg\u00edtimo en responder y resolver las consultas de nuestros usuarios).<\/li>\n<\/ul>\n\n\n\n<ul class=\"wp-block-list\">\n<li>Gestionar y proporcionar la demo solicitada (siendo la base legal tu consentimiento).<\/li>\n<\/ul>\n\n\n\n<ul class=\"wp-block-list\">\n<li>Darte de alta al Servicio y proporcionar el acceso a la herramienta (siendo la base legal tu consentimiento).<\/li>\n<\/ul>\n\n\n\n<ul class=\"wp-block-list\">\n<li>Gestionar y proporcionar la prueba gratuita solicitada (siendo la base legal tu consentimiento).<\/li>\n<\/ul>\n\n\n\n<ul class=\"wp-block-list\">\n<li>Gestionar, agendar y proporcionar la consultor\u00eda gratuita solicitada (siendo la base legal tu consentimiento).<\/li>\n<\/ul>\n\n\n\n<ul class=\"wp-block-list\">\n<li>Realizar y ofrecer los c\u00e1lculos en relaci\u00f3n al beneficio de la inversi\u00f3n en la herramienta (siendo la base legal tu consentimiento).<\/li>\n<\/ul>\n\n\n\n<ul class=\"wp-block-list\">\n<li>Enviarte mediante correo electr\u00f3nico nuestra newsletter con informaci\u00f3n y ofertas promocionales (siendo la base legal tu consentimiento o nuestro inter\u00e9s leg\u00edtimo basado en la relaci\u00f3n contractual previa, seg\u00fan el caso).<\/li>\n<\/ul>\n\n\n\n<p>Podr\u00e1s darte de baja de los mismos desde el propio correo electr\u00f3nico recibido o contactando con nosotros. No obstante, no podr\u00e1s darte de baja de determinada correspondencia nuestra, como los mensajes relativos a la seguridad de tus datos o los t\u00e9rminos y condiciones del Servicio.<\/p>\n\n\n\n<ul class=\"wp-block-list\">\n<li>Mantener la seguridad del Servicio, investigar actividades il\u00edcitas, hacer cumplir nuestros t\u00e9rminos y condiciones y ayudar a los cuerpos y fuerzas de seguridad del estado en el marco de sus eventuales investigaciones (siendo la base legal nuestro inter\u00e9s leg\u00edtimo en garantizar y mantener la seguridad del Servicio y sus usuarios).<\/li>\n<\/ul>\n\n\n\n<p>Asimismo, el Servicio podr\u00e1 utilizar la informaci\u00f3n personal y no personal de los usuarios en forma de datos agregados y an\u00f3nimos para mostrarlos a terceros. Tambi\u00e9n podr\u00e1 compartir estad\u00edsticas y la informaci\u00f3n demogr\u00e1fica sobre los usuarios y su utilizaci\u00f3n del Servicio con terceros. Nada de esto permitir\u00e1 a esos terceros identificarte personalmente.<\/p>\n\n\n\n<p>El Servicio no usa decisiones individuales automatizadas.<\/p>\n\n\n\n<p><strong>7.3.1.- En mails y formularios de contacto<\/strong><\/p>\n\n\n\n<p>La web del sitio cuenta con un cifrado TLS que permite al usuario el env\u00edo seguro de sus datos personales a trav\u00e9s de formularios de contacto de tipo est\u00e1ndar.<\/p>\n\n\n\n<p>Los datos personales recogidos ser\u00e1n objeto de tratamiento automatizado e incorporados a los correspondientes ficheros del registro de actividad y de los que el Servicio es titular.<\/p>\n\n\n\n<p>En ese sentido:<\/p>\n\n\n\n<ul class=\"wp-block-list\">\n<li>Nos llegar\u00e1 tu IP, que ser\u00e1 usada para comprobar el origen del mensaje con objeto de ofrecerte recomendaciones adecuadas (por ejemplo presentar la informaci\u00f3n en el idioma correcto) y para detectar posibles irregularidades (por ejemplo posibles intentos de ciberataque al Servicio), as\u00ed como datos relativos a tu ISP.<\/li>\n<\/ul>\n\n\n\n<ul class=\"wp-block-list\">\n<li>Asimismo, podr\u00e1s facilitarnos tus datos a trav\u00e9s de correo electr\u00f3nico.<\/li>\n<\/ul>\n\n\n\n<p><strong>7.3.2.- En redes sociales<\/strong><\/p>\n\n\n\n<p>Contamos con perfiles en algunas de las principales redes sociales de Internet, siendo el Servicio responsable del tratamiento en relaci\u00f3n con los datos publicados en las mismas (por ejemplo, fotos subidas por el Servicio en las que aparezcan caras de personas).<\/p>\n\n\n\n<p>Esos datos ser\u00e1n tratados seg\u00fan la red social permita a los perfiles corporativos. Por tanto, podremos informar, cuando la ley no lo proh\u00edba, a nuestros seguidores por cualquier v\u00eda que la red social permita sobre sus actividades u ofertas, as\u00ed como prestar un servicio personalizado de atenci\u00f3n al cliente.<\/p>\n\n\n\n<p>En ning\u00fan caso extraemos datos de las redes sociales, a menos que se obtuviera puntual y expresamente el consentimiento del usuario para ello.<\/p>\n\n\n\n<p>Cuando debido a la propia naturaleza de las redes sociales, ejercer tus derechos dependa de la modificaci\u00f3n de tu perfil, te ayudaremos y aconsejaremos en la medida de nuestras posibilidades.<\/p>\n\n\n\n<p><strong>7.3.3.- En sorteos<\/strong><\/p>\n\n\n\n<p>Al participar en acciones promocionales organizadas en exclusiva por el Servicio, los datos que cedas ser\u00e1n tratados \u00fanicamente por nosotros para el fin que se haya indicado en el enunciado de la acci\u00f3n y sus correspondientes condiciones legales.<\/p>\n\n\n\n<p><strong>7.4.- Conservaci\u00f3n de los datos<\/strong><\/p>\n\n\n\n<p>A continuaci\u00f3n se indican por cu\u00e1nto tiempo se conservan los datos tratados por el Servicio:<\/p>\n\n\n\n<ul class=\"wp-block-list\">\n<li>Los datos desagregados ser\u00e1n conservados sin plazo de supresi\u00f3n.<\/li>\n<\/ul>\n\n\n\n<ul class=\"wp-block-list\">\n<li>Los datos de los clientes ser\u00e1n conservados el m\u00ednimo necesario, pudiendo mantenerse hasta:<\/li>\n<\/ul>\n\n\n\n<ul class=\"wp-block-list\">\n<li>5 a\u00f1os, seg\u00fan el art. 1964 del C\u00f3digo Civil (acciones personales sin plazo especial).<\/li>\n\n\n\n<li>6 a\u00f1os, seg\u00fan el art. 30 del C\u00f3digo de Comercio (libros de contabilidad o factura, por ejemplo).<\/li>\n<\/ul>\n\n\n\n<ul class=\"wp-block-list\">\n<li>Los datos de usuarios subidos por el Servicio a p\u00e1ginas y perfiles en redes sociales se conservar\u00e1n desde que el usuario ofrece su consentimiento hasta que lo retira.<\/li>\n<\/ul>\n\n\n\n<ul class=\"wp-block-list\">\n<li>Los datos de los suscriptores al newsletter ser\u00e1n conservados desde que el usuario se suscribe hasta que se da de baja.<\/li>\n<\/ul>\n\n\n\n<ul class=\"wp-block-list\">\n<li>Los datos derivados de las pruebas y sesiones de consultor\u00eda gratuitas ser\u00e1n conservados hasta un plazo m\u00e1ximo de 12 meses.<\/li>\n<\/ul>\n\n\n\n<p><strong>8.- Proveedores de servicios y otros<\/strong><\/p>\n\n\n\n<p>Hay terceros que gestionan parte del Servicio.<\/p>\n\n\n\n<p>A ellos el Servicio les exige que cumplan esta Pol\u00edtica de Privacidad en lo que les resulte aplicable y adem\u00e1s ellos deber\u00e1n tener la suya propia. No obstante, el Servicio no ser\u00e1 responsable del cumplimiento de dicha pol\u00edtica.<\/p>\n\n\n\n<p>Bajo algunas circunstancias, el Servicio podr\u00e1 compartir, usar, preservar o divulgar Informaci\u00f3n Personal con terceros, de forma no agregada:<\/p>\n\n\n\n<ul class=\"wp-block-list\">\n<li>Para prestar el Servicio:<\/li>\n<\/ul>\n\n\n\n<p>Los proveedores de servicios que prestan funciones en nuestro nombre, como por ejemplo, el alojamiento web, el control de estad\u00edsticas o el desarrollo web. Estos proveedores de servicios pueden recopilar y tener acceso a la informaci\u00f3n que les sea necesaria para desempe\u00f1ar sus funciones, pero no tienen permitido compartir o utilizar la informaci\u00f3n para ning\u00fan otro prop\u00f3sito.<\/p>\n\n\n\n<ul class=\"wp-block-list\">\n<li>Para cooperar con las autoridades competentes:<\/li>\n<\/ul>\n\n\n\n<p>\u200bSi creemos que es razonablemente necesario para satisfacer cualquier ley, proceso legal o inter\u00e9s leg\u00edtimo. En cualquier caso, s\u00f3lo proporcionaremos la informaci\u00f3n estrictamente requerida.<\/p>\n\n\n\n<p><strong>9.- Responsabilidad<\/strong><\/p>\n\n\n\n<p>Hasta donde la ley lo permita, el Servicio no se hace responsable de:&nbsp;<strong>a)<\/strong>&nbsp;los errores u omisiones en los contenidos;&nbsp;<strong>b)<\/strong>&nbsp;la falta de disponibilidad de la web o;&nbsp;<strong>c)<\/strong>&nbsp;la transmisi\u00f3n de programas maliciosos en los contenidos, a pesar de haber adoptado todas las medidas tecnol\u00f3gicas razonables para evitarlo.<\/p>\n\n\n\n<p><strong>10.- Modificaciones<\/strong><\/p>\n\n\n\n<p>El Servicio se reserva el derecho de efectuar sin previo aviso las modificaciones que considere oportunas en su web, pudiendo cambiar, suprimir o a\u00f1adir tanto los contenidos y servicios que se presten a trav\u00e9s de la misma como la forma en la que \u00e9stos aparezcan presentados.<\/p>\n\n\n\n<p>Por otro lado, los presentes t\u00e9rminos y condiciones podr\u00e1n cambiar en cualquier momento. Las modificaciones entrar\u00e1n en vigor desde el momento de su publicaci\u00f3n.<\/p>\n\n\n\n<p><strong>11.- Cookies<\/strong><\/p>\n\n\n\n<p>Consulta nuestra&nbsp;<a href=\"http:\/\/eurekacloud.es\/backup\/politica-de-cookies\/\" target=\"_blank\" rel=\"noreferrer noopener\"><strong>Pol\u00edtica de Cookies<\/strong><\/a>&nbsp;para conocer el uso que hacemos de ellas.<\/p>\n\n\n\n<p><strong>12.- Medidas de seguridad<\/strong><\/p>\n\n\n\n<p>El Servicio adopta todas las medidas t\u00e9cnicas y organizativas necesarias para<\/p>\n\n\n\n<p>proteger la seguridad e integridad de la informaci\u00f3n personal y no personal recopilada. Tanto frente a accesos no autorizados como su alteraci\u00f3n, p\u00e9rdida o destrucci\u00f3n accidentales.<\/p>\n\n\n\n<p>En todo caso, el Servicio no puede garantizar la seguridad absoluta de la informaci\u00f3n recopilada, por lo que debes colaborar y utilizar en todo momento el sentido com\u00fan sobre la informaci\u00f3n compartida.<\/p>\n\n\n\n<p>Entiendes y reconoces que, incluso despu\u00e9s de su eliminaci\u00f3n, la informaci\u00f3n personal y no personal puede permanecer visible en cach\u00e9 o si otros usuarios la han copiado o almacenado.<\/p>\n\n\n\n<p><strong>13.- Contacto<\/strong><\/p>\n\n\n\n<p>Si tienes dudas sobre estas condiciones de uso y privacidad, contacta con nosotros en:<\/p>\n\n\n\n<p>E-mail:&nbsp;<a href=\"mailto:info@taktics.net\" target=\"_blank\" rel=\"noreferrer noopener\">info@taktics.net<\/a>&nbsp;<\/p>\n\n\n\n<p>Direcci\u00f3n: C\/ Isaac Newton sn, Edificio Norte bloque B, planta 1\u00aa local 10, Palma de Mallorca, Islas Baleares, Espa\u00f1a.<\/p>\n","protected":false},"excerpt":{"rendered":"<p>\u00daltima actualizaci\u00f3n: 4 de mayo de 2023 1.- Titular y Responsable El titular de esta web y responsable del tratamiento de esta web es Taktics ingenier\u00edas de negocio SL (en adelante el \u201cServicio\u201d), con domicilio en C\/ Isaac Newton sn, Edificio Norte bloque B, planta 1\u00aa local 10, Palma de Mallorca, Islas Baleares, Espa\u00f1a. Correo [&hellip;]<\/p>\n","protected":false},"author":1,"featured_media":0,"parent":0,"menu_order":0,"comment_status":"closed","ping_status":"closed","template":"","meta":{"footnotes":""},"class_list":["post-185","page","type-page","status-publish","hentry"],"rttpg_featured_image_url":null,"rttpg_author":{"display_name":"admin","author_link":"https:\/\/eurekacloud.es\/index.php\/author\/admin\/"},"rttpg_comment":0,"rttpg_category":null,"rttpg_excerpt":"\u00daltima actualizaci\u00f3n: 4 de mayo de 2023 1.- Titular y Responsable El titular de esta web y responsable del tratamiento de esta web es Taktics ingenier\u00edas de negocio SL (en adelante el \u201cServicio\u201d), con domicilio en C\/ Isaac Newton sn, Edificio Norte bloque B, planta 1\u00aa local 10, Palma de Mallorca, Islas Baleares, Espa\u00f1a. Correo&hellip;","_links":{"self":[{"href":"https:\/\/eurekacloud.es\/index.php\/wp-json\/wp\/v2\/pages\/185","targetHints":{"allow":["GET"]}}],"collection":[{"href":"https:\/\/eurekacloud.es\/index.php\/wp-json\/wp\/v2\/pages"}],"about":[{"href":"https:\/\/eurekacloud.es\/index.php\/wp-json\/wp\/v2\/types\/page"}],"author":[{"embeddable":true,"href":"https:\/\/eurekacloud.es\/index.php\/wp-json\/wp\/v2\/users\/1"}],"replies":[{"embeddable":true,"href":"https:\/\/eurekacloud.es\/index.php\/wp-json\/wp\/v2\/comments?post=185"}],"version-history":[{"count":1,"href":"https:\/\/eurekacloud.es\/index.php\/wp-json\/wp\/v2\/pages\/185\/revisions"}],"predecessor-version":[{"id":186,"href":"https:\/\/eurekacloud.es\/index.php\/wp-json\/wp\/v2\/pages\/185\/revisions\/186"}],"wp:attachment":[{"href":"https:\/\/eurekacloud.es\/index.php\/wp-json\/wp\/v2\/media?parent=185"}],"curies":[{"name":"wp","href":"https:\/\/api.w.org\/{rel}","templated":true}]}}