{"id":1375,"date":"2023-05-26T09:39:28","date_gmt":"2023-05-26T09:39:28","guid":{"rendered":"http:\/\/eurekacloud.es\/backup\/?page_id=1375"},"modified":"2023-05-26T09:51:38","modified_gmt":"2023-05-26T09:51:38","slug":"politica-de-cookies","status":"publish","type":"page","link":"https:\/\/eurekacloud.es\/backup\/politica-de-cookies\/","title":{"rendered":"Pol\u00edtica de Cookies"},"content":{"rendered":"<p>[et_pb_section fb_built=\u00bb1&#8243; _builder_version=\u00bb4.9.1&#8243; _module_preset=\u00bbdefault\u00bb][et_pb_row _builder_version=\u00bb4.9.1&#8243; _module_preset=\u00bbdefault\u00bb][et_pb_column _builder_version=\u00bb4.9.1&#8243; _module_preset=\u00bbdefault\u00bb type=\u00bb4_4&#8243;][et_pb_text _builder_version=\u00bb4.9.1&#8243; _module_preset=\u00bbdefault\u00bb hover_enabled=\u00bb0&#8243; sticky_enabled=\u00bb0&#8243;]<\/p>\n<h1 style=\"text-align: center;\">Pol\u00edtica de Cookies<\/h1>\n<p>[\/et_pb_text][\/et_pb_column][\/et_pb_row][et_pb_row _builder_version=\u00bb4.9.1&#8243; _module_preset=\u00bbdefault\u00bb][et_pb_column _builder_version=\u00bb4.9.1&#8243; _module_preset=\u00bbdefault\u00bb type=\u00bb4_4&#8243;][et_pb_text _builder_version=\u00bb4.9.1&#8243; _module_preset=\u00bbdefault\u00bb hover_enabled=\u00bb0&#8243; sticky_enabled=\u00bb0&#8243; text_font_size=\u00bb19px\u00bb]<\/p>\n<p><i><span style=\"font-weight: 400;\">\u00daltima actualizaci\u00f3n:<\/span><\/i> <i><span style=\"font-weight: 400;\">4 de mayo de 2023<\/span><\/i><\/p>\n<p>&nbsp;<\/p>\n<p><b>Sumario<\/b><\/p>\n<ul>\n<li style=\"font-weight: 400;\" aria-level=\"1\"><span style=\"font-weight: 400;\">Cookies usadas: <\/span><b>Propias y de Terceros<\/b><\/li>\n<\/ul>\n<ul>\n<li style=\"font-weight: 400;\" aria-level=\"1\"><span style=\"font-weight: 400;\">\u00bfSe usan para obtener estad\u00edsticas? <\/span><b>S\u00ed<\/b><\/li>\n<\/ul>\n<ul>\n<li style=\"font-weight: 400;\" aria-level=\"1\"><span style=\"font-weight: 400;\">\u00bfSe usan para publicidad? <\/span><b>S\u00ed<\/b><\/li>\n<\/ul>\n<ul>\n<li style=\"font-weight: 400;\" aria-level=\"1\"><span style=\"font-weight: 400;\">Servicios de terceros que instalan cookies a trav\u00e9s de esta web: <\/span><b>Google Analytics y Facebook\u00a0<\/b><\/li>\n<\/ul>\n<p>&nbsp;<\/p>\n<p><b>C\u00f3mo configurar y deshabilitar las cookies<\/b><\/p>\n<p><span style=\"font-weight: 400;\">Puedes permitir, bloquear o eliminar las cookies instaladas en tu dispositivo desde tu navegador web. Si no permites la instalaci\u00f3n de cookies en tu dispositivo, puede que la experiencia de navegaci\u00f3n empeore. A continuaci\u00f3n puedes encontrar c\u00f3mo configurar las cookies en cada navegador:<\/span><\/p>\n<p>&nbsp;<\/p>\n<p><span style=\"font-weight: 400;\">&#8211;<\/span><a href=\"http:\/\/windows.microsoft.com\/es-es\/windows-10\/edge-privacy-faq\"> <span style=\"font-weight: 400;\">Edge<\/span><\/a><\/p>\n<p><span style=\"font-weight: 400;\">&#8211;<\/span><a href=\"https:\/\/support.google.com\/chrome\/answer\/95647?hl=es\"> <span style=\"font-weight: 400;\">Google Chrome<\/span><\/a><\/p>\n<p><span style=\"font-weight: 400;\">&#8211;<\/span><a href=\"https:\/\/support.google.com\/chrome\/answer\/114662?hl=es&amp;visit_id=1-636664625754483085-1648636281&amp;rd=1&amp;co=GENIE.Platform%3DAndroid&amp;oco=1\"><span style=\"font-weight: 400;\"> Google Android<\/span><\/a><\/p>\n<p><span style=\"font-weight: 400;\">&#8211;<\/span><a href=\"https:\/\/support.microsoft.com\/es-es\/help\/17442\/windows-internet-explorer-delete-manage-cookies\"><span style=\"font-weight: 400;\"> Internet Explorer 8<\/span><\/a><\/p>\n<p><span style=\"font-weight: 400;\">&#8211;<\/span><a href=\"https:\/\/support.microsoft.com\/es-es\/help\/278835\/how-to-delete-cookie-files-in-internet-explorer\"><span style=\"font-weight: 400;\"> Internet Explorer 9<\/span><\/a><\/p>\n<p><span style=\"font-weight: 400;\">&#8211;<\/span><a href=\"https:\/\/support.microsoft.com\/es-es\/help\/17442\/windows-internet-explorer-delete-manage-cookies#ie=ie-10\"><span style=\"font-weight: 400;\"> Internet Explorer 11<\/span><\/a><\/p>\n<p><span style=\"font-weight: 400;\">&#8211;<\/span><a href=\"https:\/\/support.mozilla.org\/es\/kb\/habilitar-y-deshabilitar-cookies-que-los-sitios-we\"> <span style=\"font-weight: 400;\">Mozilla Firefox<\/span><\/a><\/p>\n<p><span style=\"font-weight: 400;\">&#8211;<\/span><a href=\"https:\/\/help.opera.com\/en\/latest\/web-preferences\/#cookies\"><span style=\"font-weight: 400;\"> Opera<\/span><\/a><\/p>\n<p><span style=\"font-weight: 400;\">&#8211; <\/span><a href=\"https:\/\/support.apple.com\/es-es\/guide\/safari\/sfri11471\/mac\"><span style=\"font-weight: 400;\">Safari<\/span><\/a><\/p>\n<p><span style=\"font-weight: 400;\">&#8211;<\/span><a href=\"https:\/\/support.apple.com\/es-es\/HT201265\"> <span style=\"font-weight: 400;\">Safari Mobile<\/span><\/a><\/p>\n<p><span style=\"font-weight: 400;\">&#8211; <\/span><a href=\"https:\/\/support.brave.com\/hc\/en-us\/articles\/360050634931-How-Do-I-Manage-Cookies-In-Brave-\"><span style=\"font-weight: 400;\">Brave<\/span><\/a><\/p>\n<p>&nbsp;<\/p>\n<p><b>1.- Tipos y usos<\/b><\/p>\n<p><span style=\"font-weight: 400;\">El servicio usa cookies propias y de terceros para mejorar la navegaci\u00f3n, proporcionar el servicio y obtener estad\u00edsticas sobre el uso de la p\u00e1gina web.<\/span><\/p>\n<p>&nbsp;<\/p>\n<p><b>2.- \u00bfQu\u00e9 es una cookie y para qu\u00e9 sirve?<\/b><\/p>\n<p><span style=\"font-weight: 400;\">Una cookie es un fichero de texto que se env\u00eda al navegador web de tu ordenador, m\u00f3vil o tablet y que sirve para almacenar y recuperar informaci\u00f3n sobre la navegaci\u00f3n realizada. Por ejemplo, recordar tu nombre de usuario y contrase\u00f1a o las preferencias de tu perfil.<\/span><\/p>\n<p><span style=\"font-weight: 400;\"><\/span><\/p>\n<p><span style=\"font-weight: 400;\"><\/span><\/p>\n<p><b>3.- \u00bfQu\u00e9 tipos de cookies hay?<\/b><\/p>\n<p><span style=\"font-weight: 400;\">Seg\u00fan qui\u00e9n las gestiona:<\/span><\/p>\n<ul>\n<li style=\"font-weight: 400;\" aria-level=\"1\"><span style=\"font-weight: 400;\">Cookies propias<\/span><span style=\"font-weight: 400;\">; se env\u00edan a tu navegador desde nuestros equipos o dominios web.<\/span><\/li>\n<\/ul>\n<ul>\n<li style=\"font-weight: 400;\" aria-level=\"1\"><span style=\"font-weight: 400;\">Cookies de terceros<\/span><span style=\"font-weight: 400;\">; se env\u00edan a tu navegador desde un equipo o dominio web que no gestionamos nosotros directamente, sino una tercera entidad como por ejemplo Google.<\/span><span style=\"font-weight: 400;\"><\/span><\/li>\n<\/ul>\n<p><span style=\"font-weight: 400;\"><\/span><\/p>\n<p><span style=\"font-weight: 400;\">En funci\u00f3n del tiempo que est\u00e1n activas, hay:<\/span><\/p>\n<ul>\n<li style=\"font-weight: 400;\" aria-level=\"1\"><span style=\"font-weight: 400;\">Cookies de sesi\u00f3n;<\/span><span style=\"font-weight: 400;\"> permanecen en el archivo de cookies de tu navegador hasta que abandonas la p\u00e1gina web, de modo que ninguna queda en tu dispositivo.<\/span><\/li>\n<\/ul>\n<ul>\n<li style=\"font-weight: 400;\" aria-level=\"1\"><span style=\"font-weight: 400;\">Cookies persistentes;<\/span><span style=\"font-weight: 400;\"> permanecen en tu dispositivo y nuestra web las lee cada vez que realizas una nueva visita. Estas cookies dejan de funcionar pasada una fecha concreta.<\/span><span style=\"font-weight: 400;\"><\/span><\/li>\n<\/ul>\n<p><span style=\"font-weight: 400;\"><\/span><\/p>\n<p><span style=\"font-weight: 400;\">Finalmente, y seg\u00fan su finalidad, tenemos:<\/span><\/p>\n<ul>\n<li style=\"font-weight: 400;\" aria-level=\"1\"><span style=\"font-weight: 400;\">Cookies t\u00e9cnicas;<\/span><span style=\"font-weight: 400;\"> mejoran la navegaci\u00f3n y el buen funcionamiento de la web.<\/span><\/li>\n<\/ul>\n<ul>\n<li style=\"font-weight: 400;\" aria-level=\"1\"><span style=\"font-weight: 400;\">Cookies de personalizaci\u00f3n;<\/span><span style=\"font-weight: 400;\"> permiten acceder al servicio con unas caracter\u00edsticas predefinidas en funci\u00f3n de una serie de criterios.<\/span><\/li>\n<\/ul>\n<ul>\n<li style=\"font-weight: 400;\" aria-level=\"1\"><span style=\"font-weight: 400;\">Cookies de an\u00e1lisis;<\/span><span style=\"font-weight: 400;\"> permiten medir y analizar estad\u00edsticamente el uso que se hace del servicio prestado.<\/span><\/li>\n<\/ul>\n<p>&nbsp;<\/p>\n<p><span style=\"font-weight: 400;\">Cookies usadas por <\/span><b>Eureka<\/b><span style=\"font-weight: 400;\">:<\/span><\/p>\n<p>&nbsp;<\/p>\n<table>\n<tbody>\n<tr>\n<td><b>Nombre<\/b><\/td>\n<td><b>Origen<\/b><\/td>\n<td><b>Finalidad<\/b><\/td>\n<td><b>Tipo<\/b><\/td>\n<td><b>Caducidad<\/b><\/td>\n<\/tr>\n<tr>\n<td><span style=\"font-weight: 400;\">vidjet-sessionId<\/span><\/td>\n<td><span style=\"font-weight: 400;\">eurekacloud.es<\/span><\/td>\n<td><span style=\"font-weight: 400;\">T\u00e9cnica (funcionalidad)<\/span><\/td>\n<td><span style=\"font-weight: 400;\">Propia<\/span><\/td>\n<td><span style=\"font-weight: 400;\">Sesi\u00f3n<\/span><\/td>\n<\/tr>\n<tr>\n<td><span style=\"font-weight: 400;\">_fbp<\/span><\/td>\n<td><span style=\"font-weight: 400;\">.eurekacloud.es<\/span><\/td>\n<td>\n<p><span style=\"font-weight: 400;\">Anal\u00edtica (Segmentaci\u00f3n\/<\/span><\/p>\n<p><span style=\"font-weight: 400;\">publicidad)<\/span><\/p>\n<\/td>\n<td><span style=\"font-weight: 400;\">Tercero<\/span><\/td>\n<td><span style=\"font-weight: 400;\">3 meses<\/span><\/td>\n<\/tr>\n<tr>\n<td><span style=\"font-weight: 400;\">_gcl_au<\/span><\/td>\n<td><span style=\"font-weight: 400;\">.eurekacloud.es<\/span><\/td>\n<td>\n<p><span style=\"font-weight: 400;\">Anal\u00edtica (Segmentaci\u00f3n\/<\/span><\/p>\n<p><span style=\"font-weight: 400;\">publicidad)<\/span><\/p>\n<\/td>\n<td><span style=\"font-weight: 400;\">Tercero<\/span><\/td>\n<td><span style=\"font-weight: 400;\">3 meses<\/span><\/td>\n<\/tr>\n<tr>\n<td><span style=\"font-weight: 400;\">mailerlite:webform:shown:3633292<\/span><\/td>\n<td><span style=\"font-weight: 400;\">eurekacloud.es<\/span><\/td>\n<td><span style=\"font-weight: 400;\">Desconocida<\/span><\/td>\n<td><span style=\"font-weight: 400;\">Propia<\/span><\/td>\n<td><span style=\"font-weight: 400;\">1 mes<\/span><\/td>\n<\/tr>\n<\/tbody>\n<\/table>\n<p>&nbsp;<\/p>\n<p><span style=\"font-weight: 400;\">Lista de cookies de tercero:<\/span><\/p>\n<p>&nbsp;<\/p>\n<p><a href=\"https:\/\/developers.google.com\/analytics\/devguides\/collection\/analyticsjs\/cookie-usage\"><span style=\"font-weight: 400;\">Google Analytics<\/span><\/a><span style=\"font-weight: 400;\">: Sus cookies (como por ejemplo _ga) permiten contabilizar las veces que un usuario visita una web, c\u00f3mo, cu\u00e1ndo y desde d\u00f3nde lo hace.<\/span><\/p>\n<p>&nbsp;<\/p>\n<p><span style=\"font-weight: 400;\">En cualquier caso, puedes inhabilitar las cookies de Google Analytics desde<\/span><a href=\"https:\/\/tools.google.com\/dlpage\/gaoptout\"> <span style=\"font-weight: 400;\">aqu\u00ed.<\/span><\/a><\/p>\n<p>&nbsp;<\/p>\n<p><a href=\"https:\/\/www.facebook.com\/policies\/cookies\/\"><span style=\"font-weight: 400;\">Facebook<\/span><\/a><span style=\"font-weight: 400;\">: Sus cookies (como por ejemplo _fbp) <\/span><span style=\"font-weight: 400;\">sirven para ofrecer una serie de productos \u00a0 publicitarios, como ofertas en tiempo real de terceros anunciantes.<\/span><\/p>\n<p>[\/et_pb_text][\/et_pb_column][\/et_pb_row][\/et_pb_section]<\/p>\n","protected":false},"excerpt":{"rendered":"<p>Pol\u00edtica de Cookies\u00daltima actualizaci\u00f3n: 4 de mayo de 2023 &nbsp; Sumario Cookies usadas: Propias y de Terceros \u00bfSe usan para obtener estad\u00edsticas? S\u00ed \u00bfSe usan para publicidad? S\u00ed Servicios de terceros que instalan cookies a trav\u00e9s de esta web: Google Analytics y Facebook\u00a0 &nbsp; C\u00f3mo configurar y deshabilitar las cookies Puedes permitir, bloquear o eliminar [&hellip;]<\/p>\n","protected":false},"author":7,"featured_media":0,"parent":0,"menu_order":0,"comment_status":"closed","ping_status":"closed","template":"","meta":{"_et_pb_use_builder":"on","_et_pb_old_content":"","_et_gb_content_width":"","om_disable_all_campaigns":false,"_monsterinsights_skip_tracking":false,"_monsterinsights_sitenote_active":false,"_monsterinsights_sitenote_note":"","_monsterinsights_sitenote_category":0,"_uf_show_specific_survey":0,"_uf_disable_surveys":false,"footnotes":""},"aioseo_notices":[],"yoast_head":"<!-- This site is optimized with the Yoast SEO plugin v21.5 - https:\/\/yoast.com\/wordpress\/plugins\/seo\/ -->\n<title>Pol\u00edtica de Cookies - Eurekacloud<\/title>\n<meta name=\"robots\" content=\"index, follow, max-snippet:-1, max-image-preview:large, max-video-preview:-1\" \/>\n<link rel=\"canonical\" href=\"https:\/\/eurekacloud.es\/backup\/politica-de-cookies\/\" \/>\n<meta property=\"og:locale\" content=\"es_ES\" \/>\n<meta property=\"og:type\" content=\"article\" \/>\n<meta property=\"og:title\" content=\"Pol\u00edtica de Cookies - Eurekacloud\" \/>\n<meta property=\"og:description\" content=\"Pol\u00edtica de Cookies\u00daltima actualizaci\u00f3n: 4 de mayo de 2023 &nbsp; Sumario Cookies usadas: Propias y de Terceros \u00bfSe usan para obtener estad\u00edsticas? S\u00ed \u00bfSe usan para publicidad? S\u00ed Servicios de terceros que instalan cookies a trav\u00e9s de esta web: Google Analytics y Facebook\u00a0 &nbsp; C\u00f3mo configurar y deshabilitar las cookies Puedes permitir, bloquear o eliminar [&hellip;]\" \/>\n<meta property=\"og:url\" content=\"https:\/\/eurekacloud.es\/backup\/politica-de-cookies\/\" \/>\n<meta property=\"og:site_name\" content=\"Eurekacloud\" \/>\n<meta property=\"article:modified_time\" content=\"2023-05-26T09:51:38+00:00\" \/>\n<meta name=\"twitter:card\" content=\"summary_large_image\" \/>\n<script type=\"application\/ld+json\" class=\"yoast-schema-graph\">{\"@context\":\"https:\/\/schema.org\",\"@graph\":[{\"@type\":\"WebPage\",\"@id\":\"https:\/\/eurekacloud.es\/backup\/politica-de-cookies\/\",\"url\":\"https:\/\/eurekacloud.es\/backup\/politica-de-cookies\/\",\"name\":\"Pol\u00edtica de Cookies - Eurekacloud\",\"isPartOf\":{\"@id\":\"https:\/\/eurekacloud.es\/backup\/#website\"},\"datePublished\":\"2023-05-26T09:39:28+00:00\",\"dateModified\":\"2023-05-26T09:51:38+00:00\",\"breadcrumb\":{\"@id\":\"https:\/\/eurekacloud.es\/backup\/politica-de-cookies\/#breadcrumb\"},\"inLanguage\":\"es\",\"potentialAction\":[{\"@type\":\"ReadAction\",\"target\":[\"https:\/\/eurekacloud.es\/backup\/politica-de-cookies\/\"]}]},{\"@type\":\"BreadcrumbList\",\"@id\":\"https:\/\/eurekacloud.es\/backup\/politica-de-cookies\/#breadcrumb\",\"itemListElement\":[{\"@type\":\"ListItem\",\"position\":1,\"name\":\"Portada\",\"item\":\"https:\/\/eurekacloud.es\/backup\/\"},{\"@type\":\"ListItem\",\"position\":2,\"name\":\"Pol\u00edtica de Cookies\"}]},{\"@type\":\"WebSite\",\"@id\":\"https:\/\/eurekacloud.es\/backup\/#website\",\"url\":\"https:\/\/eurekacloud.es\/backup\/\",\"name\":\"Eurekacloud\",\"description\":\"Gesti&oacute;n de obra y mantenimiento\",\"publisher\":{\"@id\":\"https:\/\/eurekacloud.es\/backup\/#organization\"},\"potentialAction\":[{\"@type\":\"SearchAction\",\"target\":{\"@type\":\"EntryPoint\",\"urlTemplate\":\"https:\/\/eurekacloud.es\/backup\/?s={search_term_string}\"},\"query-input\":\"required name=search_term_string\"}],\"inLanguage\":\"es\"},{\"@type\":\"Organization\",\"@id\":\"https:\/\/eurekacloud.es\/backup\/#organization\",\"name\":\"EUREKA\",\"url\":\"https:\/\/eurekacloud.es\/backup\/\",\"logo\":{\"@type\":\"ImageObject\",\"inLanguage\":\"es\",\"@id\":\"https:\/\/eurekacloud.es\/backup\/#\/schema\/logo\/image\/\",\"url\":\"http:\/\/eurekacloud.es\/backup\/wp-content\/uploads\/2021\/03\/logo-01.png\",\"contentUrl\":\"http:\/\/eurekacloud.es\/backup\/wp-content\/uploads\/2021\/03\/logo-01.png\",\"width\":3257,\"height\":1178,\"caption\":\"EUREKA\"},\"image\":{\"@id\":\"https:\/\/eurekacloud.es\/backup\/#\/schema\/logo\/image\/\"}}]}<\/script>\n<!-- \/ Yoast SEO plugin. -->","yoast_head_json":{"title":"Pol\u00edtica de Cookies - Eurekacloud","robots":{"index":"index","follow":"follow","max-snippet":"max-snippet:-1","max-image-preview":"max-image-preview:large","max-video-preview":"max-video-preview:-1"},"canonical":"https:\/\/eurekacloud.es\/backup\/politica-de-cookies\/","og_locale":"es_ES","og_type":"article","og_title":"Pol\u00edtica de Cookies - Eurekacloud","og_description":"Pol\u00edtica de Cookies\u00daltima actualizaci\u00f3n: 4 de mayo de 2023 &nbsp; Sumario Cookies usadas: Propias y de Terceros \u00bfSe usan para obtener estad\u00edsticas? S\u00ed \u00bfSe usan para publicidad? S\u00ed Servicios de terceros que instalan cookies a trav\u00e9s de esta web: Google Analytics y Facebook\u00a0 &nbsp; C\u00f3mo configurar y deshabilitar las cookies Puedes permitir, bloquear o eliminar [&hellip;]","og_url":"https:\/\/eurekacloud.es\/backup\/politica-de-cookies\/","og_site_name":"Eurekacloud","article_modified_time":"2023-05-26T09:51:38+00:00","twitter_card":"summary_large_image","schema":{"@context":"https:\/\/schema.org","@graph":[{"@type":"WebPage","@id":"https:\/\/eurekacloud.es\/backup\/politica-de-cookies\/","url":"https:\/\/eurekacloud.es\/backup\/politica-de-cookies\/","name":"Pol\u00edtica de Cookies - Eurekacloud","isPartOf":{"@id":"https:\/\/eurekacloud.es\/backup\/#website"},"datePublished":"2023-05-26T09:39:28+00:00","dateModified":"2023-05-26T09:51:38+00:00","breadcrumb":{"@id":"https:\/\/eurekacloud.es\/backup\/politica-de-cookies\/#breadcrumb"},"inLanguage":"es","potentialAction":[{"@type":"ReadAction","target":["https:\/\/eurekacloud.es\/backup\/politica-de-cookies\/"]}]},{"@type":"BreadcrumbList","@id":"https:\/\/eurekacloud.es\/backup\/politica-de-cookies\/#breadcrumb","itemListElement":[{"@type":"ListItem","position":1,"name":"Portada","item":"https:\/\/eurekacloud.es\/backup\/"},{"@type":"ListItem","position":2,"name":"Pol\u00edtica de Cookies"}]},{"@type":"WebSite","@id":"https:\/\/eurekacloud.es\/backup\/#website","url":"https:\/\/eurekacloud.es\/backup\/","name":"Eurekacloud","description":"Gesti&oacute;n de obra y mantenimiento","publisher":{"@id":"https:\/\/eurekacloud.es\/backup\/#organization"},"potentialAction":[{"@type":"SearchAction","target":{"@type":"EntryPoint","urlTemplate":"https:\/\/eurekacloud.es\/backup\/?s={search_term_string}"},"query-input":"required name=search_term_string"}],"inLanguage":"es"},{"@type":"Organization","@id":"https:\/\/eurekacloud.es\/backup\/#organization","name":"EUREKA","url":"https:\/\/eurekacloud.es\/backup\/","logo":{"@type":"ImageObject","inLanguage":"es","@id":"https:\/\/eurekacloud.es\/backup\/#\/schema\/logo\/image\/","url":"http:\/\/eurekacloud.es\/backup\/wp-content\/uploads\/2021\/03\/logo-01.png","contentUrl":"http:\/\/eurekacloud.es\/backup\/wp-content\/uploads\/2021\/03\/logo-01.png","width":3257,"height":1178,"caption":"EUREKA"},"image":{"@id":"https:\/\/eurekacloud.es\/backup\/#\/schema\/logo\/image\/"}}]}},"_links":{"self":[{"href":"https:\/\/eurekacloud.es\/backup\/wp-json\/wp\/v2\/pages\/1375"}],"collection":[{"href":"https:\/\/eurekacloud.es\/backup\/wp-json\/wp\/v2\/pages"}],"about":[{"href":"https:\/\/eurekacloud.es\/backup\/wp-json\/wp\/v2\/types\/page"}],"author":[{"embeddable":true,"href":"https:\/\/eurekacloud.es\/backup\/wp-json\/wp\/v2\/users\/7"}],"replies":[{"embeddable":true,"href":"https:\/\/eurekacloud.es\/backup\/wp-json\/wp\/v2\/comments?post=1375"}],"version-history":[{"count":3,"href":"https:\/\/eurekacloud.es\/backup\/wp-json\/wp\/v2\/pages\/1375\/revisions"}],"predecessor-version":[{"id":1379,"href":"https:\/\/eurekacloud.es\/backup\/wp-json\/wp\/v2\/pages\/1375\/revisions\/1379"}],"wp:attachment":[{"href":"https:\/\/eurekacloud.es\/backup\/wp-json\/wp\/v2\/media?parent=1375"}],"curies":[{"name":"wp","href":"https:\/\/api.w.org\/{rel}","templated":true}]}}